{"id":244,"date":"2022-07-20T03:16:09","date_gmt":"2022-07-20T03:16:09","guid":{"rendered":"https:\/\/www.novadata.com.ar\/novadata-green\/?page_id=244"},"modified":"2022-07-20T16:13:45","modified_gmt":"2022-07-20T16:13:45","slug":"sustentabilidad","status":"publish","type":"page","link":"https:\/\/www.novadata.com.ar\/novadata-green\/sustentabilidad\/","title":{"rendered":"Sustentabilidad"},"content":{"rendered":"<p>[et_pb_section fb_built=\u00bb1&#8243; _builder_version=\u00bb4.17.6&#8243; _module_preset=\u00bbdefault\u00bb background_image=\u00bbhttps:\/\/www.novadata.com.ar\/novadata-green\/wp-content\/uploads\/2022\/07\/top-Sustentabilidad.jpg\u00bb global_colors_info=\u00bb{}\u00bb][et_pb_row _builder_version=\u00bb4.17.6&#8243; _module_preset=\u00bbdefault\u00bb global_colors_info=\u00bb{}\u00bb][et_pb_column type=\u00bb4_4&#8243; _builder_version=\u00bb4.17.6&#8243; _module_preset=\u00bbdefault\u00bb global_colors_info=\u00bb{}\u00bb][et_pb_text admin_label=\u00bbNos adherimos a los est\u00e1ndares globales de conciencia ecol\u00f3gica\u00bb module_class=\u00bbtop-sustenta\u00bb _builder_version=\u00bb4.17.6&#8243; _module_preset=\u00bbdefault\u00bb header_text_color=\u00bb#009449&#8243; global_colors_info=\u00bb{}\u00bb]<\/p>\n<h1>Nos adherimos a los est\u00e1ndares globales de conciencia ecol\u00f3gica<\/h1>\n<p>[\/et_pb_text][\/et_pb_column][\/et_pb_row][\/et_pb_section][et_pb_section fb_built=\u00bb1&#8243; _builder_version=\u00bb4.17.6&#8243; _module_preset=\u00bbdefault\u00bb global_colors_info=\u00bb{}\u00bb][et_pb_row _builder_version=\u00bb4.17.6&#8243; _module_preset=\u00bbdefault\u00bb global_colors_info=\u00bb{}\u00bb][et_pb_column type=\u00bb4_4&#8243; _builder_version=\u00bb4.17.6&#8243; _module_preset=\u00bbdefault\u00bb global_colors_info=\u00bb{}\u00bb][et_pb_text module_class=\u00bbtexto-intro-sustenta\u00bb _builder_version=\u00bb4.17.6&#8243; _module_preset=\u00bbdefault\u00bb header_2_text_align=\u00bbcenter\u00bb header_2_text_color=\u00bb#307531&#8243; text_orientation=\u00bbcenter\u00bb global_colors_info=\u00bb{}\u00bb]<\/p>\n<h2><\/h2>\n<p>Desde <strong>Novadata Green<\/strong> brindamos servicio de disposici\u00f3n de activos de IT (ITAD) seguro y confiable para empresas que desean recuperar el valor residual de sus equipos de TI excedentes.<\/p>\n<p><strong>Novadata Green<\/strong> se adhiere a los est\u00e1ndares globales de conciencia ecol\u00f3gica y a un estricto acuerdo de servicio de borrado de informaci\u00f3n, as\u00ed no solo se destruye informaci\u00f3n confidencial de manera adecuada, sino que tambi\u00e9n se recupera una parte de su inversi\u00f3n en equipos de TI obsoletos.<\/p>\n<p>[\/et_pb_text][\/et_pb_column][\/et_pb_row][\/et_pb_section][et_pb_section fb_built=\u00bb1&#8243; _builder_version=\u00bb4.17.6&#8243; _module_preset=\u00bbdefault\u00bb background_image=\u00bbhttps:\/\/www.novadata.com.ar\/novadata-green\/wp-content\/uploads\/2022\/07\/bottom-Sustentabilidad.jpg\u00bb background_position=\u00bbbottom_center\u00bb custom_padding=\u00bb80px||||false|false\u00bb global_colors_info=\u00bb{}\u00bb][et_pb_row column_structure=\u00bb3_5,2_5&#8243; use_custom_gutter=\u00bbon\u00bb gutter_width=\u00bb2&#8243; make_equal=\u00bbon\u00bb _builder_version=\u00bb4.17.6&#8243; _module_preset=\u00bbdefault\u00bb global_colors_info=\u00bb{}\u00bb][et_pb_column type=\u00bb3_5&#8243; module_class=\u00bbequal\u00bb _builder_version=\u00bb4.17.6&#8243; _module_preset=\u00bbdefault\u00bb global_colors_info=\u00bb{}\u00bb][et_pb_text admin_label=\u00bb\u00bfPOR QUE TRABAJAR CON NOSOTROS?\u00bb module_class=\u00bbtexto-intro-sustenta2&#8243; _builder_version=\u00bb4.17.6&#8243; _module_preset=\u00bbdefault\u00bb header_text_align=\u00bbleft\u00bb header_2_text_align=\u00bbleft\u00bb header_2_text_color=\u00bb#307531&#8243; header_3_font=\u00bb|700|||||||\u00bb header_3_text_color=\u00bb#064a28&#8243; global_colors_info=\u00bb{}\u00bb]<\/p>\n<h2>\u00bfPOR QU\u00c9 TRABAJAR CON NOSOTROS?<\/h2>\n<p>Nuestros 30 a\u00f1os de experiencia nos avalan para generar una propuesta acorde a la necesidad de su organizaci\u00f3n.<\/p>\n<h3>Hagamos de la sustentabilidad un destino seguro.<\/h3>\n<p>[\/et_pb_text][\/et_pb_column][et_pb_column type=\u00bb2_5&#8243; _builder_version=\u00bb4.17.6&#8243; _module_preset=\u00bbdefault\u00bb global_colors_info=\u00bb{}\u00bb][et_pb_image src=\u00bbhttps:\/\/www.novadata.com.ar\/novadata-green\/wp-content\/uploads\/2022\/07\/sustentabilidad.png\u00bb title_text=\u00bbsustentabilidad\u00bb align=\u00bbcenter\u00bb module_class=\u00bbsustenta-img\u00bb _builder_version=\u00bb4.17.6&#8243; _module_preset=\u00bbdefault\u00bb global_colors_info=\u00bb{}\u00bb][\/et_pb_image][\/et_pb_column][\/et_pb_row][et_pb_row _builder_version=\u00bb4.17.6&#8243; _module_preset=\u00bbdefault\u00bb custom_padding=\u00bb60px||||false|false\u00bb global_colors_info=\u00bb{}\u00bb][et_pb_column type=\u00bb4_4&#8243; _builder_version=\u00bb4.17.6&#8243; _module_preset=\u00bbdefault\u00bb global_colors_info=\u00bb{}\u00bb][et_pb_text admin_label=\u00bbCONT\u00c1CTENOS\u00bb module_class=\u00bbbtn-solicito\u00bb _builder_version=\u00bb4.17.6&#8243; _module_preset=\u00bbdefault\u00bb text_orientation=\u00bbcenter\u00bb global_colors_info=\u00bb{}\u00bb]<\/p>\n<p><a href=\"https:\/\/www.novadata.com.ar\/novadata-green\/contacto\/\">CONT\u00c1CTENOS<\/a><\/p>\n<p>[\/et_pb_text][\/et_pb_column][\/et_pb_row][\/et_pb_section]<\/p>\n","protected":false},"excerpt":{"rendered":"<p>Nos adherimos a los est\u00e1ndares globales de conciencia ecol\u00f3gica Desde Novadata Green brindamos servicio de disposici\u00f3n de activos de IT (ITAD) seguro y confiable para empresas que desean recuperar el valor residual de sus equipos de TI excedentes. Novadata Green se adhiere a los est\u00e1ndares globales de conciencia ecol\u00f3gica y a un estricto acuerdo de [&hellip;]<\/p>\n","protected":false},"author":1,"featured_media":0,"parent":0,"menu_order":0,"comment_status":"closed","ping_status":"closed","template":"","meta":{"_et_pb_use_builder":"on","_et_pb_old_content":"","_et_gb_content_width":"","footnotes":""},"class_list":["post-244","page","type-page","status-publish","hentry"],"_links":{"self":[{"href":"https:\/\/www.novadata.com.ar\/novadata-green\/wp-json\/wp\/v2\/pages\/244","targetHints":{"allow":["GET"]}}],"collection":[{"href":"https:\/\/www.novadata.com.ar\/novadata-green\/wp-json\/wp\/v2\/pages"}],"about":[{"href":"https:\/\/www.novadata.com.ar\/novadata-green\/wp-json\/wp\/v2\/types\/page"}],"author":[{"embeddable":true,"href":"https:\/\/www.novadata.com.ar\/novadata-green\/wp-json\/wp\/v2\/users\/1"}],"replies":[{"embeddable":true,"href":"https:\/\/www.novadata.com.ar\/novadata-green\/wp-json\/wp\/v2\/comments?post=244"}],"version-history":[{"count":21,"href":"https:\/\/www.novadata.com.ar\/novadata-green\/wp-json\/wp\/v2\/pages\/244\/revisions"}],"predecessor-version":[{"id":330,"href":"https:\/\/www.novadata.com.ar\/novadata-green\/wp-json\/wp\/v2\/pages\/244\/revisions\/330"}],"wp:attachment":[{"href":"https:\/\/www.novadata.com.ar\/novadata-green\/wp-json\/wp\/v2\/media?parent=244"}],"curies":[{"name":"wp","href":"https:\/\/api.w.org\/{rel}","templated":true}]}}