{"id":7,"date":"2022-07-18T21:58:16","date_gmt":"2022-07-18T21:58:16","guid":{"rendered":"https:\/\/www.novadata.com.ar\/novadata-green\/?page_id=7"},"modified":"2022-07-20T16:08:15","modified_gmt":"2022-07-20T16:08:15","slug":"inicio","status":"publish","type":"page","link":"https:\/\/www.novadata.com.ar\/novadata-green\/","title":{"rendered":"Inicio"},"content":{"rendered":"<p>[et_pb_section fb_built=\u00bb1&#8243; _builder_version=\u00bb4.17.6&#8243; _module_preset=\u00bbdefault\u00bb background_image=\u00bbhttps:\/\/www.novadata.com.ar\/novadata-green\/wp-content\/uploads\/2022\/07\/intro.jpg\u00bb global_colors_info=\u00bb{}\u00bb][et_pb_row _builder_version=\u00bb4.17.6&#8243; _module_preset=\u00bbdefault\u00bb global_colors_info=\u00bb{}\u00bb][et_pb_column type=\u00bb4_4&#8243; _builder_version=\u00bb4.17.6&#8243; _module_preset=\u00bbdefault\u00bb global_colors_info=\u00bb{}\u00bb][et_pb_text admin_label=\u00bb\u00bfCu\u00e1l es el destino de sus Activos IT en desuso?\u00bb module_class=\u00bbtitulo-intro\u00bb _builder_version=\u00bb4.17.6&#8243; _module_preset=\u00bbdefault\u00bb header_text_color=\u00bb#FFFFFF\u00bb global_colors_info=\u00bb{}\u00bb]<\/p>\n<h1>\u00bfCu\u00e1l es el destino de sus Activos IT en desuso?<\/h1>\n<p>[\/et_pb_text][\/et_pb_column][\/et_pb_row][\/et_pb_section][et_pb_section fb_built=\u00bb1&#8243; _builder_version=\u00bb4.17.6&#8243; _module_preset=\u00bbdefault\u00bb global_colors_info=\u00bb{}\u00bb][et_pb_row column_structure=\u00bb2_5,3_5&#8243; make_equal=\u00bbon\u00bb _builder_version=\u00bb4.17.6&#8243; _module_preset=\u00bbdefault\u00bb custom_margin=\u00bb||||false|false\u00bb custom_padding=\u00bb60px||60px||false|false\u00bb global_colors_info=\u00bb{}\u00bb][et_pb_column type=\u00bb2_5&#8243; module_class=\u00bbequal\u00bb _builder_version=\u00bb4.17.6&#8243; _module_preset=\u00bbdefault\u00bb global_colors_info=\u00bb{}\u00bb][et_pb_text module_class=\u00bbtexto-primer-section\u00bb _builder_version=\u00bb4.17.6&#8243; _module_preset=\u00bbdefault\u00bb global_colors_info=\u00bb{}\u00bb]<\/p>\n<p class=\"sup-verde\"><strong>Novadata<\/strong> se encarga del proceso de gestionar los activos IT en desuso de su compa\u00f1\u00eda, incluyendo el retiro de los activos, lo que traer\u00e1 como consecuencias:<\/p>\n<p class=\"verde verde-top\">\u2022 Un beneficio econ\u00f3mico,<\/p>\n<p class=\"verde verde-top\">\u2022 La liberaci\u00f3n del espacio f\u00edsico.<\/p>\n<p class=\"verde verde-top\">\u2022 La reducci\u00f3n de recursos para el seguimiento de los inventarios de los mismos.<\/p>\n<p>[\/et_pb_text][\/et_pb_column][et_pb_column type=\u00bb3_5&#8243; module_class=\u00bbcol-img-intro\u00bb _builder_version=\u00bb4.17.6&#8243; _module_preset=\u00bbdefault\u00bb global_colors_info=\u00bb{}\u00bb][et_pb_image src=\u00bbhttps:\/\/www.novadata.com.ar\/novadata-green\/wp-content\/uploads\/2022\/07\/innovacion-tecnologica.jpg\u00bb title_text=\u00bbinnovacion-tecnologica\u00bb module_class=\u00bbimg-innov img-innov01&#8243; _builder_version=\u00bb4.17.6&#8243; _module_preset=\u00bbdefault\u00bb global_colors_info=\u00bb{}\u00bb][\/et_pb_image][et_pb_image src=\u00bbhttps:\/\/www.novadata.com.ar\/novadata-green\/wp-content\/uploads\/2022\/07\/equipos-it-en-desuso.jpg\u00bb title_text=\u00bbequipos-it-en-desuso\u00bb module_class=\u00bbimg-innov img-innov01&#8243; _builder_version=\u00bb4.17.6&#8243; _module_preset=\u00bbdefault\u00bb global_colors_info=\u00bb{}\u00bb][\/et_pb_image][et_pb_image src=\u00bbhttps:\/\/www.novadata.com.ar\/novadata-green\/wp-content\/uploads\/2022\/07\/reduccion-de-recursos.jpg\u00bb title_text=\u00bbreduccion-de-recursos\u00bb module_class=\u00bbimg-innov img-innov01&#8243; _builder_version=\u00bb4.17.6&#8243; _module_preset=\u00bbdefault\u00bb global_colors_info=\u00bb{}\u00bb][\/et_pb_image][et_pb_image src=\u00bbhttps:\/\/www.novadata.com.ar\/novadata-green\/wp-content\/uploads\/2022\/07\/recuperacion-sostenible.jpg\u00bb title_text=\u00bbrecuperacion-sostenible\u00bb module_class=\u00bbimg-innov img-innov01&#8243; _builder_version=\u00bb4.17.6&#8243; _module_preset=\u00bbdefault\u00bb global_colors_info=\u00bb{}\u00bb][\/et_pb_image][\/et_pb_column][\/et_pb_row][\/et_pb_section][et_pb_section fb_built=\u00bb1&#8243; _builder_version=\u00bb4.17.6&#8243; _module_preset=\u00bbdefault\u00bb global_colors_info=\u00bb{}\u00bb][et_pb_row _builder_version=\u00bb4.17.6&#8243; _module_preset=\u00bbdefault\u00bb global_colors_info=\u00bb{}\u00bb][et_pb_column type=\u00bb4_4&#8243; _builder_version=\u00bb4.17.6&#8243; _module_preset=\u00bbdefault\u00bb global_colors_info=\u00bb{}\u00bb][et_pb_text module_class=\u00bbrapido-home\u00bb _builder_version=\u00bb4.17.6&#8243; _module_preset=\u00bbdefault\u00bb text_orientation=\u00bbcenter\u00bb global_colors_info=\u00bb{}\u00bb]<\/p>\n<p>A partir del r\u00e1pido avance de la tecnolog\u00eda generamos una alternativa para enfrentar los desaf\u00edos que implican mantener los equipos que se encuentran en desuso.<\/p>\n<p>Desde <strong>Novadata Green<\/strong> se busca intervenir en el bienestar ambiental disminuyendo la contaminaci\u00f3n. Garantizando el cumplimiento de las normas vigentes por medio de tres procesos:<span class=\"verde\"> la <strong>recuperaci\u00f3n sostenible<\/strong> de reciclado, la <strong>destrucci\u00f3n segura<\/strong> de los equipos IT y el <strong>tratamiento de los equipos<\/strong> para contribuir a la reducci\u00f3n de la huella ecol\u00f3gica.<\/span><\/p>\n<p>[\/et_pb_text][\/et_pb_column][\/et_pb_row][\/et_pb_section][et_pb_section fb_built=\u00bb1&#8243; _builder_version=\u00bb4.17.6&#8243; _module_preset=\u00bbdefault\u00bb background_image=\u00bbhttps:\/\/www.novadata.com.ar\/novadata-green\/wp-content\/uploads\/2022\/07\/fondo-home02.jpg\u00bb custom_padding=\u00bb80px||80px||false|false\u00bb global_colors_info=\u00bb{}\u00bb][et_pb_row _builder_version=\u00bb4.17.6&#8243; _module_preset=\u00bbdefault\u00bb global_colors_info=\u00bb{}\u00bb][et_pb_column type=\u00bb4_4&#8243; _builder_version=\u00bb4.17.6&#8243; _module_preset=\u00bbdefault\u00bb global_colors_info=\u00bb{}\u00bb][et_pb_image src=\u00bbhttps:\/\/www.novadata.com.ar\/novadata-green\/wp-content\/uploads\/2022\/07\/ISO.png\u00bb title_text=\u00bbISO\u00bb align=\u00bbcenter\u00bb module_class=\u00bbiso\u00bb _builder_version=\u00bb4.17.6&#8243; _module_preset=\u00bbdefault\u00bb global_colors_info=\u00bb{}\u00bb][\/et_pb_image][et_pb_text admin_label=\u00bbUna propuesta de tratamiento&#8230;\u00bb module_class=\u00bbpropuesta-01&#8243; _builder_version=\u00bb4.17.6&#8243; _module_preset=\u00bbdefault\u00bb header_3_text_align=\u00bbcenter\u00bb header_3_text_color=\u00bb#FFFFFF\u00bb global_colors_info=\u00bb{}\u00bb]<\/p>\n<h3>Una propuesta de tratamiento de equipos en desuso acorde y personalizada a su organizaci\u00f3n.<\/h3>\n<p>[\/et_pb_text][et_pb_text module_class=\u00bbtratamiento-01&#8243; _builder_version=\u00bb4.17.6&#8243; _module_preset=\u00bbdefault\u00bb text_text_color=\u00bb#FFFFFF\u00bb text_orientation=\u00bbcenter\u00bb global_colors_info=\u00bb{}\u00bb]<\/p>\n<p>El tratamiento de los equipos IT en desuso es un tema relevante a la hora de planificar su infraestructura en el proceso de descarte y vida \u00fatil de sus activos.<br \/>El <strong>objetivo es la recuperaci\u00f3n de los recursos antes que se transformen en corrientes de desechos<\/strong>. Para ello, nos basamos en el reciclado por medio de la identificaci\u00f3n, clasificaci\u00f3n y acopio de los mismos. Estos procesos permiten el aprovechamiento de los recursos contenidos en los activos IT que se encuentran en desuso.<\/p>\n<p>[\/et_pb_text][et_pb_text admin_label=\u00bbCONOZCANOS\u00bb module_class=\u00bbbtn-verde\u00bb _builder_version=\u00bb4.17.6&#8243; _module_preset=\u00bbdefault\u00bb text_orientation=\u00bbcenter\u00bb global_colors_info=\u00bb{}\u00bb]<\/p>\n<p><a href=\"https:\/\/www.novadata.com.ar\/novadata-green\/sustentabilidad\/\">CON\u00d3ZCANOS<\/a><\/p>\n<p>[\/et_pb_text][\/et_pb_column][\/et_pb_row][\/et_pb_section][et_pb_section fb_built=\u00bb1&#8243; _builder_version=\u00bb4.17.6&#8243; _module_preset=\u00bbdefault\u00bb custom_padding=\u00bb80px||80px||false|false\u00bb global_colors_info=\u00bb{}\u00bb][et_pb_row _builder_version=\u00bb4.17.6&#8243; _module_preset=\u00bbdefault\u00bb global_colors_info=\u00bb{}\u00bb][et_pb_column type=\u00bb4_4&#8243; module_class=\u00bbcol-grafico\u00bb _builder_version=\u00bb4.17.6&#8243; _module_preset=\u00bbdefault\u00bb global_colors_info=\u00bb{}\u00bb][et_pb_code module_class=\u00bbcode-grafico\u00bb _builder_version=\u00bb4.17.6&#8243; _module_preset=\u00bbdefault\u00bb global_colors_info=\u00bb{}\u00bb]<\/p>\n<div class=\"box-lista punto01\"><!-- [et_pb_line_break_holder] -->\t<\/p>\n<h4>Estado<\/h4>\n<p><!-- [et_pb_line_break_holder] -->\t<pee>Diagn\u00f3stico para definir el estado final de los equipos y posible reutilizaci\u00f3n para donaciones o reciclaje.<\/pee><!-- [et_pb_line_break_holder] --><\/div>\n<p><!-- [et_pb_line_break_holder] --><\/p>\n<div class=\"box-lista punto02\"><!-- [et_pb_line_break_holder] -->\t<\/p>\n<h4>Transporte<\/h4>\n<p><!-- [et_pb_line_break_holder] -->\t<pee>Log\u00edstica segura para el retiro y transporte de los equipos, y su posterior almacenamiento y procesado.<\/pee><!-- [et_pb_line_break_holder] --><\/div>\n<p><!-- [et_pb_line_break_holder] --><\/p>\n<div class=\"box-lista punto03\"><!-- [et_pb_line_break_holder] -->\t<\/p>\n<h4>Borrado<\/h4>\n<p><!-- [et_pb_line_break_holder] -->\t<pee>Borrado seguro de datos de los equipos inform\u00e1ticos, con implementaci\u00f3n de los est\u00e1ndares m\u00e1s altos y confiables del mercado.<\/pee><!-- [et_pb_line_break_holder] --><\/div>\n<p><!-- [et_pb_line_break_holder] --><\/p>\n<div class=\"box-lista punto04\"><!-- [et_pb_line_break_holder] -->\t<\/p>\n<h4>Sustentabilidad<\/h4>\n<p><!-- [et_pb_line_break_holder] -->\t<pee>Recuperamos el 90% del material para remarketing, donaci\u00f3n. El material que no se recupera es reciclado de acuerdo a las normas ambientales internacionales.<\/pee><!-- [et_pb_line_break_holder] --><\/div>\n<p>[\/et_pb_code][et_pb_image src=\u00bbhttps:\/\/www.novadata.com.ar\/novadata-green\/wp-content\/uploads\/2022\/07\/procesos.jpg\u00bb title_text=\u00bbprocesos\u00bb align=\u00bbcenter\u00bb module_class=\u00bbimg-grafico-div\u00bb _builder_version=\u00bb4.17.6&#8243; _module_preset=\u00bbdefault\u00bb global_colors_info=\u00bb{}\u00bb][\/et_pb_image][\/et_pb_column][\/et_pb_row][\/et_pb_section][et_pb_section fb_built=\u00bb1&#8243; _builder_version=\u00bb4.17.6&#8243; _module_preset=\u00bbdefault\u00bb global_colors_info=\u00bb{}\u00bb][et_pb_row _builder_version=\u00bb4.17.6&#8243; _module_preset=\u00bbdefault\u00bb global_colors_info=\u00bb{}\u00bb][et_pb_column type=\u00bb4_4&#8243; _builder_version=\u00bb4.17.6&#8243; _module_preset=\u00bbdefault\u00bb global_colors_info=\u00bb{}\u00bb][et_pb_text admin_label=\u00bbEl servicio para la disposici\u00f3n\u00bb module_class=\u00bblast-parrafo\u00bb _builder_version=\u00bb4.17.6&#8243; _module_preset=\u00bbdefault\u00bb text_orientation=\u00bbcenter\u00bb global_colors_info=\u00bb{}\u00bb]<\/p>\n<p>El servicio para la disposici\u00f3n segura de activos de TI y desechos electr\u00f3nicos de <strong>Novadata Green<\/strong> le permitir\u00e1 deshacerse de ellos de manera responsable con el ambiente y maximizar el valor de recuperaci\u00f3n con la aplicaci\u00f3n de procesos l\u00edderes en la industria.<\/p>\n<p>[\/et_pb_text][et_pb_text admin_label=\u00bbSOLICITO M\u00c1S INFO\u00bb module_class=\u00bbbtn-solicito\u00bb _builder_version=\u00bb4.17.6&#8243; _module_preset=\u00bbdefault\u00bb text_orientation=\u00bbcenter\u00bb global_colors_info=\u00bb{}\u00bb]<\/p>\n<p><a href=\"https:\/\/www.novadata.com.ar\/novadata-green\/contacto\/\">SOLICITO M\u00c1S INFO<\/a><\/p>\n<p>[\/et_pb_text][\/et_pb_column][\/et_pb_row][\/et_pb_section]<\/p>\n","protected":false},"excerpt":{"rendered":"<p>\u00bfCu\u00e1l es el destino de sus Activos IT en desuso?Novadata se encarga del proceso de gestionar los activos IT en desuso de su compa\u00f1\u00eda, incluyendo el retiro de los activos, lo que traer\u00e1 como consecuencias: \u2022 Un beneficio econ\u00f3mico, \u2022 La liberaci\u00f3n del espacio f\u00edsico. \u2022 La reducci\u00f3n de recursos para el seguimiento de los [&hellip;]<\/p>\n","protected":false},"author":1,"featured_media":0,"parent":0,"menu_order":0,"comment_status":"closed","ping_status":"closed","template":"","meta":{"_et_pb_use_builder":"on","_et_pb_old_content":"","_et_gb_content_width":"","footnotes":""},"class_list":["post-7","page","type-page","status-publish","hentry"],"_links":{"self":[{"href":"https:\/\/www.novadata.com.ar\/novadata-green\/wp-json\/wp\/v2\/pages\/7","targetHints":{"allow":["GET"]}}],"collection":[{"href":"https:\/\/www.novadata.com.ar\/novadata-green\/wp-json\/wp\/v2\/pages"}],"about":[{"href":"https:\/\/www.novadata.com.ar\/novadata-green\/wp-json\/wp\/v2\/types\/page"}],"author":[{"embeddable":true,"href":"https:\/\/www.novadata.com.ar\/novadata-green\/wp-json\/wp\/v2\/users\/1"}],"replies":[{"embeddable":true,"href":"https:\/\/www.novadata.com.ar\/novadata-green\/wp-json\/wp\/v2\/comments?post=7"}],"version-history":[{"count":31,"href":"https:\/\/www.novadata.com.ar\/novadata-green\/wp-json\/wp\/v2\/pages\/7\/revisions"}],"predecessor-version":[{"id":332,"href":"https:\/\/www.novadata.com.ar\/novadata-green\/wp-json\/wp\/v2\/pages\/7\/revisions\/332"}],"wp:attachment":[{"href":"https:\/\/www.novadata.com.ar\/novadata-green\/wp-json\/wp\/v2\/media?parent=7"}],"curies":[{"name":"wp","href":"https:\/\/api.w.org\/{rel}","templated":true}]}}